{"id":4737,"date":"2022-08-05T08:57:56","date_gmt":"2022-08-05T08:57:56","guid":{"rendered":"https:\/\/panpek.hr\/?page_id=4737"},"modified":"2022-08-05T09:08:22","modified_gmt":"2022-08-05T09:08:22","slug":"kvaliteta-i-certifikati","status":"publish","type":"page","link":"https:\/\/panpek.hr\/en\/kvaliteta-i-certifikati\/","title":{"rendered":"Kvaliteta i certifikati"},"content":{"rendered":"<div data-elementor-type=\"wp-page\" data-elementor-id=\"4737\" class=\"elementor elementor-4737\" data-elementor-settings=\"[]\">\n\t\t\t\t\t\t\t<div class=\"elementor-section-wrap\">\n\t\t\t\t\t\t\t<section class=\"elementor-section elementor-top-section elementor-element elementor-element-a10d271 elementor-section-height-min-height elementor-section-boxed elementor-section-height-default elementor-section-items-middle\" data-id=\"a10d271\" data-element_type=\"section\" data-settings=\"{&quot;background_background&quot;:&quot;classic&quot;,&quot;background_motion_fx_motion_fx_scrolling&quot;:&quot;yes&quot;,&quot;background_motion_fx_translateY_effect&quot;:&quot;yes&quot;,&quot;background_motion_fx_translateY_speed&quot;:{&quot;unit&quot;:&quot;px&quot;,&quot;size&quot;:3,&quot;sizes&quot;:[]},&quot;background_motion_fx_translateY_affectedRange&quot;:{&quot;unit&quot;:&quot;%&quot;,&quot;size&quot;:&quot;&quot;,&quot;sizes&quot;:{&quot;start&quot;:20,&quot;end&quot;:80}},&quot;background_motion_fx_devices&quot;:[&quot;desktop&quot;,&quot;mobile&quot;,&quot;mobile_extra&quot;,&quot;tablet&quot;,&quot;laptop&quot;],&quot;_ha_eqh_enable&quot;:false}\">\n\t\t\t\t\t\t\t<div class=\"elementor-background-overlay\"><\/div>\n\t\t\t\t\t\t\t<div class=\"elementor-container elementor-column-gap-no\">\n\t\t\t\t\t<div class=\"elementor-column elementor-col-100 elementor-top-column elementor-element elementor-element-90214b6 lakit-col-width-auto-no\" data-id=\"90214b6\" data-element_type=\"column\">\n\t\t\t<div class=\"elementor-widget-wrap\">\n\t\t\t\t\t\t\t\t\t<\/div>\n\t\t<\/div>\n\t\t\t\t\t\t\t<\/div>\n\t\t<\/section>\n\t\t\t\t<section class=\"elementor-section elementor-top-section elementor-element elementor-element-414febf elementor-section-full_width elementor-section-content-middle elementor-reverse-mobile elementor-section-height-default elementor-section-height-default\" data-id=\"414febf\" data-element_type=\"section\" data-settings=\"{&quot;_ha_eqh_enable&quot;:false}\">\n\t\t\t\t\t\t<div class=\"elementor-container elementor-column-gap-no\">\n\t\t\t\t\t<div class=\"elementor-column elementor-col-100 elementor-top-column elementor-element elementor-element-e9b54b8 lakit-col-width-auto-no\" data-id=\"e9b54b8\" data-element_type=\"column\">\n\t\t\t<div class=\"elementor-widget-wrap elementor-element-populated\">\n\t\t\t\t\t\t\t\t<div class=\"elementor-element elementor-element-718e75b elementor-widget elementor-widget-heading\" data-id=\"718e75b\" data-element_type=\"widget\" data-widget_type=\"heading.default\">\n\t\t\t\t<div class=\"elementor-widget-container\">\n\t\t\t<style>\/*! elementor - v3.5.5 - 03-02-2022 *\/\n.elementor-heading-title{padding:0;margin:0;line-height:1}.elementor-widget-heading .elementor-heading-title[class*=elementor-size-]>a{color:inherit;font-size:inherit;line-height:inherit}.elementor-widget-heading .elementor-heading-title.elementor-size-small{font-size:15px}.elementor-widget-heading .elementor-heading-title.elementor-size-medium{font-size:19px}.elementor-widget-heading .elementor-heading-title.elementor-size-large{font-size:29px}.elementor-widget-heading .elementor-heading-title.elementor-size-xl{font-size:39px}.elementor-widget-heading .elementor-heading-title.elementor-size-xxl{font-size:59px}<\/style><div class=\"elementor-heading-title elementor-size-default\">IFS<\/div>\t\t<\/div>\n\t\t\t\t<\/div>\n\t\t\t\t<div class=\"elementor-element elementor-element-bc4fbe4 elementor-widget elementor-widget-heading\" data-id=\"bc4fbe4\" data-element_type=\"widget\" data-widget_type=\"heading.default\">\n\t\t\t\t<div class=\"elementor-widget-container\">\n\t\t\t<h2 class=\"elementor-heading-title elementor-size-default\">Kvaliteta i certifikati<\/h2>\t\t<\/div>\n\t\t\t\t<\/div>\n\t\t\t\t<div class=\"elementor-element elementor-element-f1298d7 elementor-widget elementor-widget-text-editor\" data-id=\"f1298d7\" data-element_type=\"widget\" data-widget_type=\"text-editor.default\">\n\t\t\t\t<div class=\"elementor-widget-container\">\n\t\t\t<style>\/*! elementor - v3.5.5 - 03-02-2022 *\/\n.elementor-widget-text-editor.elementor-drop-cap-view-stacked .elementor-drop-cap{background-color:#818a91;color:#fff}.elementor-widget-text-editor.elementor-drop-cap-view-framed .elementor-drop-cap{color:#818a91;border:3px solid;background-color:transparent}.elementor-widget-text-editor:not(.elementor-drop-cap-view-default) .elementor-drop-cap{margin-top:8px}.elementor-widget-text-editor:not(.elementor-drop-cap-view-default) .elementor-drop-cap-letter{width:1em;height:1em}.elementor-widget-text-editor .elementor-drop-cap{float:left;text-align:center;line-height:1;font-size:50px}.elementor-widget-text-editor .elementor-drop-cap-letter{display:inline-block}<\/style>\t\t\t\t<p>Kakvo\u0107a proizvoda kontrolira se u svakoj fazi proizvodnje uz sveobuhvatne mikrobiolo\u0161ke kontrole. Suvremena tehnologija i kompjuterizirana proizvodnja omogu\u0107ava konstantnu kontrolu kvalitete proizvoda \u0161to su prepoznali i svaki dan sve brojniji kupci. Upravo je briga o kvaliteti proizvoda, koja se prati od ulaska sirovina, u svakoj fazi proizvodnje, pa sve do izlaska proizvoda iz tvornice, najva\u017enija stavka Pan-pekova poslovanja.<\/p><p>Ulaskom u drugo desetlje\u0107e postojanja PAN-PEK je uveo i primjenjuje International Featured Standard, odnosno IFS normu, \u0161to je\u00a0danas jedna od najpriznatijih normi za sektor hrane, a certifikat dodijeljen kao potvrda uskla\u0111enosti proizvoda sa zahtjevima te norme u trgova\u010dkim krugovima predstavlja respektabilnu potvrdu ostvarenja visoke razine kvalitete i sigurnosti proizvoda.\u00a0<\/p><p>Tako\u0111er, PAN-PEK je nositelj HACCP certifikata (Hazard Analysis and Critical Control Points) za analizu postupka proizvodnje i kontrolu hrane, kojim je ure\u0111en proces pripreme proizvoda.<\/p><p>Razvijanje vlastitih i pra\u0107enje stranih tehnolo\u0161kih procesa u proizvodnji pekarskih proizvoda, omogu\u0107uje nam neprekidno usavr\u0161avanje proizvodnje postoje\u0107ih proizvoda, kao i razvoj novih.<\/p><p>Na ovaj na\u010din ne samo\u00a0da na\u0161im partnerima i kupcima omogu\u0107ujemo\u00a0vrhunsku\u00a0kvalitetu na\u0161ih proizvoda ve\u0107 PAN PEK proizvodi imaju provjerene i jednolike karakteristike, kontinuirane i\u00a0zajam\u010dene kvalitete koju pretvaramo u prepoznatljive PAN PEK proizvode.<\/p>\t\t\t\t\t\t<\/div>\n\t\t\t\t<\/div>\n\t\t\t\t\t<\/div>\n\t\t<\/div>\n\t\t\t\t\t\t\t<\/div>\n\t\t<\/section>\n\t\t\t\t<section class=\"elementor-section elementor-top-section elementor-element elementor-element-813c86a elementor-section-boxed elementor-section-height-default elementor-section-height-default\" data-id=\"813c86a\" data-element_type=\"section\" data-settings=\"{&quot;_ha_eqh_enable&quot;:false}\">\n\t\t\t\t\t\t<div class=\"elementor-container elementor-column-gap-default\">\n\t\t\t\t\t<div class=\"elementor-column elementor-col-100 elementor-top-column elementor-element elementor-element-8e181eb lakit-col-width-auto-no\" data-id=\"8e181eb\" data-element_type=\"column\">\n\t\t\t<div class=\"elementor-widget-wrap elementor-element-populated\">\n\t\t\t\t\t\t\t\t<div class=\"elementor-element elementor-element-3dd34cf gallery-spacing-custom elementor-widget elementor-widget-image-gallery\" data-id=\"3dd34cf\" data-element_type=\"widget\" data-widget_type=\"image-gallery.default\">\n\t\t\t\t<div class=\"elementor-widget-container\">\n\t\t\t<style>.elementor-image-gallery .gallery-item{display:inline-block;text-align:center;vertical-align:top;width:100%;max-width:100%;margin:0 auto}.elementor-image-gallery .gallery-item img{margin:0 auto}.elementor-image-gallery .gallery-item .gallery-caption{margin:0}.elementor-image-gallery figure img{display:block}.elementor-image-gallery figure figcaption{width:100%}.gallery-spacing-custom .elementor-image-gallery .gallery-icon{padding:0}@media (min-width:768px){.elementor-image-gallery .gallery-columns-2 .gallery-item{max-width:50%}.elementor-image-gallery .gallery-columns-3 .gallery-item{max-width:33.33%}.elementor-image-gallery .gallery-columns-4 .gallery-item{max-width:25%}.elementor-image-gallery .gallery-columns-5 .gallery-item{max-width:20%}.elementor-image-gallery .gallery-columns-6 .gallery-item{max-width:16.666%}.elementor-image-gallery .gallery-columns-7 .gallery-item{max-width:14.28%}.elementor-image-gallery .gallery-columns-8 .gallery-item{max-width:12.5%}.elementor-image-gallery .gallery-columns-9 .gallery-item{max-width:11.11%}.elementor-image-gallery .gallery-columns-10 .gallery-item{max-width:10%}}@media (min-width:480px) and (max-width:767px){.elementor-image-gallery .gallery.gallery-columns-2 .gallery-item,.elementor-image-gallery .gallery.gallery-columns-3 .gallery-item,.elementor-image-gallery .gallery.gallery-columns-4 .gallery-item,.elementor-image-gallery .gallery.gallery-columns-5 .gallery-item,.elementor-image-gallery .gallery.gallery-columns-6 .gallery-item,.elementor-image-gallery .gallery.gallery-columns-7 .gallery-item,.elementor-image-gallery .gallery.gallery-columns-8 .gallery-item,.elementor-image-gallery .gallery.gallery-columns-9 .gallery-item,.elementor-image-gallery .gallery.gallery-columns-10 .gallery-item{max-width:50%}}@media (max-width:479px){.elementor-image-gallery .gallery.gallery-columns-2 .gallery-item,.elementor-image-gallery .gallery.gallery-columns-3 .gallery-item,.elementor-image-gallery .gallery.gallery-columns-4 .gallery-item,.elementor-image-gallery .gallery.gallery-columns-5 .gallery-item,.elementor-image-gallery .gallery.gallery-columns-6 .gallery-item,.elementor-image-gallery .gallery.gallery-columns-7 .gallery-item,.elementor-image-gallery .gallery.gallery-columns-8 .gallery-item,.elementor-image-gallery .gallery.gallery-columns-9 .gallery-item,.elementor-image-gallery .gallery.gallery-columns-10 .gallery-item{max-width:100%}}<\/style>\t\t<div class=\"elementor-image-gallery\">\n\t\t\t\n\t\t<style type=\"text\/css\">\n\t\t\t#gallery-1 {\n\t\t\t\tmargin: auto;\n\t\t\t}\n\t\t\t#gallery-1 .gallery-item {\n\t\t\t\tfloat: left;\n\t\t\t\tmargin-top: 10px;\n\t\t\t\ttext-align: center;\n\t\t\t\twidth: 25%;\n\t\t\t}\n\t\t\t#gallery-1 img {\n\t\t\t\tborder: 2px solid #cfcfcf;\n\t\t\t}\n\t\t\t#gallery-1 .gallery-caption {\n\t\t\t\tmargin-left: 0;\n\t\t\t}\n\t\t\t\/* see gallery_shortcode() in wp-includes\/media.php *\/\n\t\t<\/style>\n\t\t<div id='gallery-1' class='gallery galleryid-4737 gallery-columns-4 gallery-size-full'><dl class='gallery-item'>\n\t\t\t<dt class='gallery-icon portrait'>\n\t\t\t\t<a data-elementor-open-lightbox=\"yes\" data-elementor-lightbox-slideshow=\"3dd34cf\" data-elementor-lightbox-title=\"PAN-PEK IFS certifikat\" href='https:\/\/panpek.hr\/wp-content\/uploads\/2022\/08\/PAN-PEK-IFS-certifikat.jpeg'><img width=\"339\" height=\"480\" src=\"https:\/\/panpek.hr\/wp-content\/uploads\/2022\/08\/PAN-PEK-IFS-certifikat.jpeg\" class=\"attachment-full size-full\" alt=\"\" decoding=\"async\" loading=\"lazy\" \/><\/a>\n\t\t\t<\/dt><\/dl><dl class='gallery-item'>\n\t\t\t<dt class='gallery-icon portrait'>\n\t\t\t\t<a data-elementor-open-lightbox=\"yes\" data-elementor-lightbox-slideshow=\"3dd34cf\" data-elementor-lightbox-title=\"PAN-PEK HACCP\" href='https:\/\/panpek.hr\/wp-content\/uploads\/2022\/08\/PAN-PEK-HACCP.jpeg'><img width=\"339\" height=\"480\" src=\"https:\/\/panpek.hr\/wp-content\/uploads\/2022\/08\/PAN-PEK-HACCP.jpeg\" class=\"attachment-full size-full\" alt=\"\" decoding=\"async\" loading=\"lazy\" \/><\/a>\n\t\t\t<\/dt><\/dl><dl class='gallery-item'>\n\t\t\t<dt class='gallery-icon portrait'>\n\t\t\t\t<a data-elementor-open-lightbox=\"yes\" data-elementor-lightbox-slideshow=\"3dd34cf\" data-elementor-lightbox-title=\"ISO 9001-2000 certifikat (2011.)\" href='https:\/\/panpek.hr\/wp-content\/uploads\/2022\/08\/ISO-9001-2000-certifikat-2011..jpeg'><img width=\"333\" height=\"480\" src=\"https:\/\/panpek.hr\/wp-content\/uploads\/2022\/08\/ISO-9001-2000-certifikat-2011..jpeg\" class=\"attachment-full size-full\" alt=\"\" decoding=\"async\" loading=\"lazy\" \/><\/a>\n\t\t\t<\/dt><\/dl><dl class='gallery-item'>\n\t\t\t<dt class='gallery-icon portrait'>\n\t\t\t\t<a data-elementor-open-lightbox=\"yes\" data-elementor-lightbox-slideshow=\"3dd34cf\" data-elementor-lightbox-title=\"CAC:RCP 1-1969.r4 certifikat upravljanja\" href='https:\/\/panpek.hr\/wp-content\/uploads\/2022\/08\/CACRCP-1-1969.r4-certifikat-upravljanja.jpeg'><img width=\"334\" height=\"480\" src=\"https:\/\/panpek.hr\/wp-content\/uploads\/2022\/08\/CACRCP-1-1969.r4-certifikat-upravljanja.jpeg\" class=\"attachment-full size-full\" alt=\"\" decoding=\"async\" loading=\"lazy\" \/><\/a>\n\t\t\t<\/dt><\/dl><br style=\"clear: both\" \/><dl class='gallery-item'>\n\t\t\t<dt class='gallery-icon portrait'>\n\t\t\t\t<a data-elementor-open-lightbox=\"yes\" data-elementor-lightbox-slideshow=\"3dd34cf\" data-elementor-lightbox-title=\"Superbrands 2008\" href='https:\/\/panpek.hr\/wp-content\/uploads\/2022\/08\/Superbrands-2008-.jpeg'><img width=\"337\" height=\"480\" src=\"https:\/\/panpek.hr\/wp-content\/uploads\/2022\/08\/Superbrands-2008-.jpeg\" class=\"attachment-full size-full\" alt=\"\" decoding=\"async\" loading=\"lazy\" \/><\/a>\n\t\t\t<\/dt><\/dl><dl class='gallery-item'>\n\t\t\t<dt class='gallery-icon portrait'>\n\t\t\t\t<a data-elementor-open-lightbox=\"yes\" data-elementor-lightbox-slideshow=\"3dd34cf\" data-elementor-lightbox-title=\"Superbrands 2009\" href='https:\/\/panpek.hr\/wp-content\/uploads\/2022\/08\/Superbrands-2009-.jpeg'><img width=\"337\" height=\"480\" src=\"https:\/\/panpek.hr\/wp-content\/uploads\/2022\/08\/Superbrands-2009-.jpeg\" class=\"attachment-full size-full\" alt=\"\" decoding=\"async\" loading=\"lazy\" \/><\/a>\n\t\t\t<\/dt><\/dl><dl class='gallery-item'>\n\t\t\t<dt class='gallery-icon portrait'>\n\t\t\t\t<a data-elementor-open-lightbox=\"yes\" data-elementor-lightbox-slideshow=\"3dd34cf\" data-elementor-lightbox-title=\"Medalja kakvoc\u0301e 2002- C\u030cokoladna torta\" href='https:\/\/panpek.hr\/wp-content\/uploads\/2022\/08\/Medalja-kakvoc\u0301e-2002-C\u030cokoladna-torta-.jpeg'><img width=\"302\" height=\"480\" src=\"https:\/\/panpek.hr\/wp-content\/uploads\/2022\/08\/Medalja-kakvoc\u0301e-2002-C\u030cokoladna-torta-.jpeg\" class=\"attachment-full size-full\" alt=\"\" decoding=\"async\" loading=\"lazy\" \/><\/a>\n\t\t\t<\/dt><\/dl><dl class='gallery-item'>\n\t\t\t<dt class='gallery-icon portrait'>\n\t\t\t\t<a data-elementor-open-lightbox=\"yes\" data-elementor-lightbox-slideshow=\"3dd34cf\" data-elementor-lightbox-title=\"Medalja kakvoc\u0301e 2002 - Pivski perec\" href='https:\/\/panpek.hr\/wp-content\/uploads\/2022\/08\/Medalja-kakvoc\u0301e-2002-Pivski-perec.jpeg'><img width=\"304\" height=\"480\" src=\"https:\/\/panpek.hr\/wp-content\/uploads\/2022\/08\/Medalja-kakvoc\u0301e-2002-Pivski-perec.jpeg\" class=\"attachment-full size-full\" alt=\"\" decoding=\"async\" loading=\"lazy\" \/><\/a>\n\t\t\t<\/dt><\/dl><br style=\"clear: both\" \/><dl class='gallery-item'>\n\t\t\t<dt class='gallery-icon portrait'>\n\t\t\t\t<a data-elementor-open-lightbox=\"yes\" data-elementor-lightbox-slideshow=\"3dd34cf\" data-elementor-lightbox-title=\"Medalja kakvoc\u0301e 2002 - Pleteno lisnato s vis\u030cnjama\" href='https:\/\/panpek.hr\/wp-content\/uploads\/2022\/08\/Medalja-kakvoc\u0301e-2002-Pleteno-lisnato-s-vis\u030cnjama.jpeg'><img width=\"307\" height=\"480\" src=\"https:\/\/panpek.hr\/wp-content\/uploads\/2022\/08\/Medalja-kakvoc\u0301e-2002-Pleteno-lisnato-s-vis\u030cnjama.jpeg\" class=\"attachment-full size-full\" alt=\"\" decoding=\"async\" loading=\"lazy\" \/><\/a>\n\t\t\t<\/dt><\/dl><dl class='gallery-item'>\n\t\t\t<dt class='gallery-icon portrait'>\n\t\t\t\t<a data-elementor-open-lightbox=\"yes\" data-elementor-lightbox-slideshow=\"3dd34cf\" data-elementor-lightbox-title=\"Medalja kakvoc\u0301e 2004 - Ciabatta\" href='https:\/\/panpek.hr\/wp-content\/uploads\/2022\/08\/Medalja-kakvoc\u0301e-2004-Ciabatta.jpeg'><img width=\"334\" height=\"480\" src=\"https:\/\/panpek.hr\/wp-content\/uploads\/2022\/08\/Medalja-kakvoc\u0301e-2004-Ciabatta.jpeg\" class=\"attachment-full size-full\" alt=\"\" decoding=\"async\" loading=\"lazy\" \/><\/a>\n\t\t\t<\/dt><\/dl><dl class='gallery-item'>\n\t\t\t<dt class='gallery-icon portrait'>\n\t\t\t\t<a data-elementor-open-lightbox=\"yes\" data-elementor-lightbox-slideshow=\"3dd34cf\" data-elementor-lightbox-title=\"Medalja kakvoc\u0301e 2004 - Kruh lovac\u030cka kora\" href='https:\/\/panpek.hr\/wp-content\/uploads\/2022\/08\/Medalja-kakvoc\u0301e-2004-Kruh-lovac\u030cka-kora-.jpeg'><img width=\"332\" height=\"480\" src=\"https:\/\/panpek.hr\/wp-content\/uploads\/2022\/08\/Medalja-kakvoc\u0301e-2004-Kruh-lovac\u030cka-kora-.jpeg\" class=\"attachment-full size-full\" alt=\"\" decoding=\"async\" loading=\"lazy\" \/><\/a>\n\t\t\t<\/dt><\/dl><dl class='gallery-item'>\n\t\t\t<dt class='gallery-icon portrait'>\n\t\t\t\t<a data-elementor-open-lightbox=\"yes\" data-elementor-lightbox-slideshow=\"3dd34cf\" data-elementor-lightbox-title=\"Medalja kakvoc\u0301e 2004 - Kruh zagorska kora\" href='https:\/\/panpek.hr\/wp-content\/uploads\/2022\/08\/Medalja-kakvoc\u0301e-2004-Kruh-zagorska-kora.jpeg'><img width=\"329\" height=\"480\" src=\"https:\/\/panpek.hr\/wp-content\/uploads\/2022\/08\/Medalja-kakvoc\u0301e-2004-Kruh-zagorska-kora.jpeg\" class=\"attachment-full size-full\" alt=\"\" decoding=\"async\" loading=\"lazy\" \/><\/a>\n\t\t\t<\/dt><\/dl><br style=\"clear: both\" \/><dl class='gallery-item'>\n\t\t\t<dt class='gallery-icon portrait'>\n\t\t\t\t<a data-elementor-open-lightbox=\"yes\" data-elementor-lightbox-slideshow=\"3dd34cf\" data-elementor-lightbox-title=\"Medalja kakvoc\u0301e 2004 - Mijes\u030cana kukuruzna Ciabatta\" href='https:\/\/panpek.hr\/wp-content\/uploads\/2022\/08\/Medalja-kakvoc\u0301e-2004-Mijes\u030cana-kukuruzna-Ciabatta-.jpeg'><img width=\"333\" height=\"480\" src=\"https:\/\/panpek.hr\/wp-content\/uploads\/2022\/08\/Medalja-kakvoc\u0301e-2004-Mijes\u030cana-kukuruzna-Ciabatta-.jpeg\" class=\"attachment-full size-full\" alt=\"\" decoding=\"async\" loading=\"lazy\" \/><\/a>\n\t\t\t<\/dt><\/dl><dl class='gallery-item'>\n\t\t\t<dt class='gallery-icon portrait'>\n\t\t\t\t<a data-elementor-open-lightbox=\"yes\" data-elementor-lightbox-slideshow=\"3dd34cf\" data-elementor-lightbox-title=\"HOK - najbolji pekarski proizvod 2002.g\" href='https:\/\/panpek.hr\/wp-content\/uploads\/2022\/08\/HOK-najbolji-pekarski-proizvod-2002.g-.jpeg'><img width=\"335\" height=\"480\" src=\"https:\/\/panpek.hr\/wp-content\/uploads\/2022\/08\/HOK-najbolji-pekarski-proizvod-2002.g-.jpeg\" class=\"attachment-full size-full\" alt=\"\" decoding=\"async\" loading=\"lazy\" \/><\/a>\n\t\t\t<\/dt><\/dl><dl class='gallery-item'>\n\t\t\t<dt class='gallery-icon portrait'>\n\t\t\t\t<a data-elementor-open-lightbox=\"yes\" data-elementor-lightbox-slideshow=\"3dd34cf\" data-elementor-lightbox-title=\"Licenca - naukovanje pekarskih i slastic\u030carskih nauc\u030cnika 2001.g\" href='https:\/\/panpek.hr\/wp-content\/uploads\/2022\/08\/Licenca-naukovanje-pekarskih-i-slastic\u030carskih-nauc\u030cnika-2001.g-.jpeg'><img width=\"335\" height=\"480\" src=\"https:\/\/panpek.hr\/wp-content\/uploads\/2022\/08\/Licenca-naukovanje-pekarskih-i-slastic\u030carskih-nauc\u030cnika-2001.g-.jpeg\" class=\"attachment-full size-full\" alt=\"\" decoding=\"async\" loading=\"lazy\" \/><\/a>\n\t\t\t<\/dt><\/dl>\n\t\t\t<br style='clear: both' \/>\n\t\t<\/div>\n\t\t<\/div>\n\t\t\t\t<\/div>\n\t\t\t\t<\/div>\n\t\t\t\t\t<\/div>\n\t\t<\/div>\n\t\t\t\t\t\t\t<\/div>\n\t\t<\/section>\n\t\t\t\t\t\t<\/div>\n\t\t\t\t\t<\/div>","protected":false},"excerpt":{"rendered":"<p>IFS Kvaliteta i certifikati Kakvo\u0107a proizvoda kontrolira se u svakoj fazi proizvodnje uz sveobuhvatne mikrobiolo\u0161ke kontrole. Suvremena tehnologija i kompjuterizirana [&hellip;]<\/p>","protected":false},"author":1,"featured_media":0,"parent":0,"menu_order":0,"comment_status":"closed","ping_status":"closed","template":"","meta":{"footnotes":""},"_links":{"self":[{"href":"https:\/\/panpek.hr\/en\/wp-json\/wp\/v2\/pages\/4737"}],"collection":[{"href":"https:\/\/panpek.hr\/en\/wp-json\/wp\/v2\/pages"}],"about":[{"href":"https:\/\/panpek.hr\/en\/wp-json\/wp\/v2\/types\/page"}],"author":[{"embeddable":true,"href":"https:\/\/panpek.hr\/en\/wp-json\/wp\/v2\/users\/1"}],"replies":[{"embeddable":true,"href":"https:\/\/panpek.hr\/en\/wp-json\/wp\/v2\/comments?post=4737"}],"version-history":[{"count":4,"href":"https:\/\/panpek.hr\/en\/wp-json\/wp\/v2\/pages\/4737\/revisions"}],"predecessor-version":[{"id":4757,"href":"https:\/\/panpek.hr\/en\/wp-json\/wp\/v2\/pages\/4737\/revisions\/4757"}],"wp:attachment":[{"href":"https:\/\/panpek.hr\/en\/wp-json\/wp\/v2\/media?parent=4737"}],"curies":[{"name":"wp","href":"https:\/\/api.w.org\/{rel}","templated":true}]}}