{"id":4771,"date":"2022-09-04T13:26:59","date_gmt":"2022-09-04T13:26:59","guid":{"rendered":"https:\/\/panpek.hr\/?page_id=4771"},"modified":"2022-11-11T13:14:20","modified_gmt":"2022-11-11T13:14:20","slug":"proizvodi","status":"publish","type":"page","link":"https:\/\/panpek.hr\/en\/proizvodi\/","title":{"rendered":"Products"},"content":{"rendered":"<div data-elementor-type=\"wp-page\" data-elementor-id=\"4771\" class=\"elementor elementor-4771\" data-elementor-settings=\"[]\">\n\t\t\t\t\t\t\t<div class=\"elementor-section-wrap\">\n\t\t\t\t\t\t\t<section class=\"elementor-section elementor-top-section elementor-element elementor-element-6276bc6 elementor-section-boxed elementor-section-height-default elementor-section-height-default\" data-id=\"6276bc6\" data-element_type=\"section\" data-settings=\"{&quot;background_background&quot;:&quot;classic&quot;,&quot;background_motion_fx_motion_fx_scrolling&quot;:&quot;yes&quot;,&quot;background_motion_fx_translateY_effect&quot;:&quot;yes&quot;,&quot;background_motion_fx_translateY_speed&quot;:{&quot;unit&quot;:&quot;px&quot;,&quot;size&quot;:3,&quot;sizes&quot;:[]},&quot;background_motion_fx_translateY_affectedRange&quot;:{&quot;unit&quot;:&quot;%&quot;,&quot;size&quot;:&quot;&quot;,&quot;sizes&quot;:{&quot;start&quot;:20,&quot;end&quot;:80}},&quot;background_motion_fx_devices&quot;:[&quot;desktop&quot;,&quot;mobile&quot;,&quot;mobile_extra&quot;,&quot;tablet&quot;,&quot;laptop&quot;],&quot;_ha_eqh_enable&quot;:false}\">\n\t\t\t\t\t\t\t<div class=\"elementor-background-overlay\"><\/div>\n\t\t\t\t\t\t\t<div class=\"elementor-container elementor-column-gap-no\">\n\t\t\t\t\t<div class=\"elementor-column elementor-col-100 elementor-top-column elementor-element elementor-element-956ae32 lakit-col-width-auto-no\" data-id=\"956ae32\" data-element_type=\"column\">\n\t\t\t<div class=\"elementor-widget-wrap elementor-element-populated\">\n\t\t\t\t\t\t\t\t<div class=\"elementor-element elementor-element-6989a9c elementor-widget elementor-widget-spacer\" data-id=\"6989a9c\" data-element_type=\"widget\" data-widget_type=\"spacer.default\">\n\t\t\t\t<div class=\"elementor-widget-container\">\n\t\t\t\t\t<div class=\"elementor-spacer\">\n\t\t\t<div class=\"elementor-spacer-inner\"><\/div>\n\t\t<\/div>\n\t\t\t\t<\/div>\n\t\t\t\t<\/div>\n\t\t\t\t\t<\/div>\n\t\t<\/div>\n\t\t\t\t\t\t\t<\/div>\n\t\t<\/section>\n\t\t\t\t<section class=\"elementor-section elementor-top-section elementor-element elementor-element-96c82a1 elementor-section-boxed elementor-section-height-default elementor-section-height-default\" data-id=\"96c82a1\" data-element_type=\"section\" data-settings=\"{&quot;_ha_eqh_enable&quot;:false}\">\n\t\t\t\t\t\t<div class=\"elementor-container elementor-column-gap-no\">\n\t\t\t\t\t<div class=\"elementor-column elementor-col-100 elementor-top-column elementor-element elementor-element-7dbaf74 lakit-col-width-auto-no\" data-id=\"7dbaf74\" data-element_type=\"column\">\n\t\t\t<div class=\"elementor-widget-wrap elementor-element-populated\">\n\t\t\t\t\t\t\t\t<div class=\"elementor-element elementor-element-cac2124 elementor-widget elementor-widget-heading\" data-id=\"cac2124\" data-element_type=\"widget\" data-widget_type=\"heading.default\">\n\t\t\t\t<div class=\"elementor-widget-container\">\n\t\t\t<style>\/*! elementor - v3.5.5 - 03-02-2022 *\/\n.elementor-heading-title{padding:0;margin:0;line-height:1}.elementor-widget-heading .elementor-heading-title[class*=elementor-size-]>a{color:inherit;font-size:inherit;line-height:inherit}.elementor-widget-heading .elementor-heading-title.elementor-size-small{font-size:15px}.elementor-widget-heading .elementor-heading-title.elementor-size-medium{font-size:19px}.elementor-widget-heading .elementor-heading-title.elementor-size-large{font-size:29px}.elementor-widget-heading .elementor-heading-title.elementor-size-xl{font-size:39px}.elementor-widget-heading .elementor-heading-title.elementor-size-xxl{font-size:59px}<\/style><div class=\"elementor-heading-title elementor-size-default\">Our products<\/div>\t\t<\/div>\n\t\t\t\t<\/div>\n\t\t\t\t<div class=\"elementor-element elementor-element-00a19b6 elementor-widget elementor-widget-heading\" data-id=\"00a19b6\" data-element_type=\"widget\" data-widget_type=\"heading.default\">\n\t\t\t\t<div class=\"elementor-widget-container\">\n\t\t\t<h2 class=\"elementor-heading-title elementor-size-default\">Freshly baked moments we share<\/h2>\t\t<\/div>\n\t\t\t\t<\/div>\n\t\t\t\t<div class=\"elementor-element elementor-element-7af7476 elementor-widget elementor-widget-spacer\" data-id=\"7af7476\" data-element_type=\"widget\" data-widget_type=\"spacer.default\">\n\t\t\t\t<div class=\"elementor-widget-container\">\n\t\t\t\t\t<div class=\"elementor-spacer\">\n\t\t\t<div class=\"elementor-spacer-inner\"><\/div>\n\t\t<\/div>\n\t\t\t\t<\/div>\n\t\t\t\t<\/div>\n\t\t\t\t<section class=\"elementor-section elementor-inner-section elementor-element elementor-element-b570499 elementor-section-full_width elementor-section-height-default elementor-section-height-default\" data-id=\"b570499\" data-element_type=\"section\" data-settings=\"{&quot;_ha_eqh_enable&quot;:false}\">\n\t\t\t\t\t\t<div class=\"elementor-container elementor-column-gap-default\">\n\t\t\t\t\t<div class=\"elementor-column elementor-col-33 elementor-inner-column elementor-element elementor-element-03a9e79 lakit-col-width-auto-no\" data-id=\"03a9e79\" data-element_type=\"column\">\n\t\t\t<div class=\"elementor-widget-wrap elementor-element-populated\">\n\t\t\t\t\t\t\t\t<div class=\"elementor-element elementor-element-2c29353 ha-card--top ha-card--tablet-top ha-card--mobile-top elementor-widget elementor-widget-ha-card happy-addon ha-card\" data-id=\"2c29353\" data-element_type=\"widget\" data-widget_type=\"ha-card.default\">\n\t\t\t\t<div class=\"elementor-widget-container\">\n\t\t\t\n\t\t\t\t\t<figure class=\"ha-card-figure\">\n\t\t\t\t<img loading=\"lazy\" width=\"1800\" height=\"1200\" src=\"https:\/\/panpek.hr\/wp-content\/uploads\/2022\/07\/kategorija-kruh.jpg\" class=\"attachment-large size-large\" alt=\"\" decoding=\"async\" srcset=\"https:\/\/panpek.hr\/wp-content\/uploads\/2022\/07\/kategorija-kruh.jpg 1800w, https:\/\/panpek.hr\/wp-content\/uploads\/2022\/07\/kategorija-kruh-1536x1024.jpg 1536w\" sizes=\"(max-width: 1800px) 100vw, 1800px\" \/>\t\t\t\t\t\t\t<\/figure>\n\t\t\n\t\t<div class=\"ha-card-body\">\n\n\t\t\t<h2 class=\"ha-card-title\">Bread<\/h2>\n\t\t\t\n\t\t\t\t\t\t\t<a class=\"ha-btn ha-btn--icon-before\" href=\"https:\/\/panpek.hr\/en\/kruh\/\"><i class=\"ha-btn-icon hm hm-arrow-right1\" aria-hidden=\"true\"><\/i> <span class=\"ha-btn-text\">Learn more<\/span><\/a>\n\t\t\t\t\t\t<\/div>\n\t\t\t\t<\/div>\n\t\t\t\t<\/div>\n\t\t\t\t\t<\/div>\n\t\t<\/div>\n\t\t\t\t<div class=\"elementor-column elementor-col-33 elementor-inner-column elementor-element elementor-element-7e20f4a lakit-col-width-auto-no\" data-id=\"7e20f4a\" data-element_type=\"column\">\n\t\t\t<div class=\"elementor-widget-wrap elementor-element-populated\">\n\t\t\t\t\t\t\t\t<div class=\"elementor-element elementor-element-285aa4f ha-card--top ha-card--tablet-top ha-card--mobile-top elementor-widget elementor-widget-ha-card happy-addon ha-card\" data-id=\"285aa4f\" data-element_type=\"widget\" data-widget_type=\"ha-card.default\">\n\t\t\t\t<div class=\"elementor-widget-container\">\n\t\t\t\n\t\t\t\t\t<figure class=\"ha-card-figure\">\n\t\t\t\t<img loading=\"lazy\" width=\"1800\" height=\"1200\" src=\"https:\/\/panpek.hr\/wp-content\/uploads\/2022\/07\/kategorija-peciva.jpg\" class=\"attachment-large size-large\" alt=\"\" decoding=\"async\" srcset=\"https:\/\/panpek.hr\/wp-content\/uploads\/2022\/07\/kategorija-peciva.jpg 1800w, https:\/\/panpek.hr\/wp-content\/uploads\/2022\/07\/kategorija-peciva-1536x1024.jpg 1536w\" sizes=\"(max-width: 1800px) 100vw, 1800px\" \/>\t\t\t\t\t\t\t<\/figure>\n\t\t\n\t\t<div class=\"ha-card-body\">\n\n\t\t\t<h2 class=\"ha-card-title\">Pastry<\/h2>\n\t\t\t\n\t\t\t\t\t\t\t<a class=\"ha-btn ha-btn--icon-before\" href=\"https:\/\/panpek.hr\/en\/peciva\/\"><i class=\"ha-btn-icon hm hm-arrow-right1\" aria-hidden=\"true\"><\/i> <span class=\"ha-btn-text\">Learn more<\/span><\/a>\n\t\t\t\t\t\t<\/div>\n\t\t\t\t<\/div>\n\t\t\t\t<\/div>\n\t\t\t\t\t<\/div>\n\t\t<\/div>\n\t\t\t\t<div class=\"elementor-column elementor-col-33 elementor-inner-column elementor-element elementor-element-6e9d0a7 lakit-col-width-auto-no\" data-id=\"6e9d0a7\" data-element_type=\"column\">\n\t\t\t<div class=\"elementor-widget-wrap elementor-element-populated\">\n\t\t\t\t\t\t\t\t<div class=\"elementor-element elementor-element-0a5b6e9 ha-card--top ha-card--tablet-top ha-card--mobile-top elementor-widget elementor-widget-ha-card happy-addon ha-card\" data-id=\"0a5b6e9\" data-element_type=\"widget\" data-widget_type=\"ha-card.default\">\n\t\t\t\t<div class=\"elementor-widget-container\">\n\t\t\t\n\t\t\t\t\t<figure class=\"ha-card-figure\">\n\t\t\t\t<img loading=\"lazy\" width=\"1800\" height=\"1200\" src=\"https:\/\/panpek.hr\/wp-content\/uploads\/2022\/07\/kategorija-slano.jpg\" class=\"attachment-large size-large\" alt=\"\" decoding=\"async\" srcset=\"https:\/\/panpek.hr\/wp-content\/uploads\/2022\/07\/kategorija-slano.jpg 1800w, https:\/\/panpek.hr\/wp-content\/uploads\/2022\/07\/kategorija-slano-1536x1024.jpg 1536w\" sizes=\"(max-width: 1800px) 100vw, 1800px\" \/>\t\t\t\t\t\t\t<\/figure>\n\t\t\n\t\t<div class=\"ha-card-body\">\n\n\t\t\t<h2 class=\"ha-card-title\">Fine pastry<\/h2>\n\t\t\t\n\t\t\t\t\t\t\t<a class=\"ha-btn ha-btn--icon-before\" href=\"https:\/\/panpek.hr\/en\/slano\/\"><i class=\"ha-btn-icon hm hm-arrow-right1\" aria-hidden=\"true\"><\/i> <span class=\"ha-btn-text\">Learn more<\/span><\/a>\n\t\t\t\t\t\t<\/div>\n\t\t\t\t<\/div>\n\t\t\t\t<\/div>\n\t\t\t\t\t<\/div>\n\t\t<\/div>\n\t\t\t\t\t\t\t<\/div>\n\t\t<\/section>\n\t\t\t\t<section class=\"elementor-section elementor-inner-section elementor-element elementor-element-da3e4b7 elementor-section-full_width elementor-section-height-default elementor-section-height-default\" data-id=\"da3e4b7\" data-element_type=\"section\" data-settings=\"{&quot;_ha_eqh_enable&quot;:false}\">\n\t\t\t\t\t\t<div class=\"elementor-container elementor-column-gap-default\">\n\t\t\t\t\t<div class=\"elementor-column elementor-col-33 elementor-inner-column elementor-element elementor-element-c39c822 lakit-col-width-auto-no\" data-id=\"c39c822\" data-element_type=\"column\">\n\t\t\t<div class=\"elementor-widget-wrap elementor-element-populated\">\n\t\t\t\t\t\t\t\t<div class=\"elementor-element elementor-element-8f01292 ha-card--top ha-card--tablet-top ha-card--mobile-top elementor-widget elementor-widget-ha-card happy-addon ha-card\" data-id=\"8f01292\" data-element_type=\"widget\" data-widget_type=\"ha-card.default\">\n\t\t\t\t<div class=\"elementor-widget-container\">\n\t\t\t\n\t\t\t\t\t<figure class=\"ha-card-figure\">\n\t\t\t\t<img loading=\"lazy\" width=\"1800\" height=\"1200\" src=\"https:\/\/panpek.hr\/wp-content\/uploads\/2022\/07\/kategorija-slatko.jpg\" class=\"attachment-large size-large\" alt=\"\" decoding=\"async\" srcset=\"https:\/\/panpek.hr\/wp-content\/uploads\/2022\/07\/kategorija-slatko.jpg 1800w, https:\/\/panpek.hr\/wp-content\/uploads\/2022\/07\/kategorija-slatko-1536x1024.jpg 1536w\" sizes=\"(max-width: 1800px) 100vw, 1800px\" \/>\t\t\t\t\t\t\t<\/figure>\n\t\t\n\t\t<div class=\"ha-card-body\">\n\n\t\t\t<h2 class=\"ha-card-title\">Sweets<\/h2>\n\t\t\t\n\t\t\t\t\t\t\t<a class=\"ha-btn ha-btn--icon-before\" href=\"https:\/\/panpek.hr\/en\/slatko\/\"><i class=\"ha-btn-icon hm hm-arrow-right1\" aria-hidden=\"true\"><\/i> <span class=\"ha-btn-text\">Learn more<\/span><\/a>\n\t\t\t\t\t\t<\/div>\n\t\t\t\t<\/div>\n\t\t\t\t<\/div>\n\t\t\t\t\t<\/div>\n\t\t<\/div>\n\t\t\t\t<div class=\"elementor-column elementor-col-33 elementor-inner-column elementor-element elementor-element-332e12f lakit-col-width-auto-no\" data-id=\"332e12f\" data-element_type=\"column\">\n\t\t\t<div class=\"elementor-widget-wrap elementor-element-populated\">\n\t\t\t\t\t\t\t\t<div class=\"elementor-element elementor-element-db4f26c ha-card--top ha-card--tablet-top ha-card--mobile-top elementor-widget elementor-widget-ha-card happy-addon ha-card\" data-id=\"db4f26c\" data-element_type=\"widget\" data-widget_type=\"ha-card.default\">\n\t\t\t\t<div class=\"elementor-widget-container\">\n\t\t\t\n\t\t\t\t\t<figure class=\"ha-card-figure\">\n\t\t\t\t<img loading=\"lazy\" width=\"1800\" height=\"1200\" src=\"https:\/\/panpek.hr\/wp-content\/uploads\/2022\/07\/kategorija-sendvic\u030ci.jpg\" class=\"attachment-large size-large\" alt=\"\" decoding=\"async\" srcset=\"https:\/\/panpek.hr\/wp-content\/uploads\/2022\/07\/kategorija-sendvic\u030ci.jpg 1800w, https:\/\/panpek.hr\/wp-content\/uploads\/2022\/07\/kategorija-sendvic\u030ci-1536x1024.jpg 1536w\" sizes=\"(max-width: 1800px) 100vw, 1800px\" \/>\t\t\t\t\t\t\t<\/figure>\n\t\t\n\t\t<div class=\"ha-card-body\">\n\n\t\t\t<h2 class=\"ha-card-title\">Sandwiches and Pizzas<\/h2>\n\t\t\t\n\t\t\t\t\t\t\t<a class=\"ha-btn ha-btn--icon-before\" href=\"https:\/\/panpek.hr\/en\/sendvici-i-pizze\/\"><i class=\"ha-btn-icon hm hm-arrow-right1\" aria-hidden=\"true\"><\/i> <span class=\"ha-btn-text\">Learn more<\/span><\/a>\n\t\t\t\t\t\t<\/div>\n\t\t\t\t<\/div>\n\t\t\t\t<\/div>\n\t\t\t\t\t<\/div>\n\t\t<\/div>\n\t\t\t\t<div class=\"elementor-column elementor-col-33 elementor-inner-column elementor-element elementor-element-2a4c758 lakit-col-width-auto-no\" data-id=\"2a4c758\" data-element_type=\"column\">\n\t\t\t<div class=\"elementor-widget-wrap elementor-element-populated\">\n\t\t\t\t\t\t\t\t<div class=\"elementor-element elementor-element-b02cd7e ha-card--top ha-card--tablet-top ha-card--mobile-top elementor-widget elementor-widget-ha-card happy-addon ha-card\" data-id=\"b02cd7e\" data-element_type=\"widget\" data-widget_type=\"ha-card.default\">\n\t\t\t\t<div class=\"elementor-widget-container\">\n\t\t\t\n\t\t\t\t\t<figure class=\"ha-card-figure\">\n\t\t\t\t<img loading=\"lazy\" width=\"1400\" height=\"1000\" src=\"https:\/\/panpek.hr\/wp-content\/uploads\/2022\/09\/kiflice-home.jpg\" class=\"attachment-large size-large\" alt=\"\" decoding=\"async\" \/>\t\t\t\t\t\t\t<\/figure>\n\t\t\n\t\t<div class=\"ha-card-body\">\n\n\t\t\t<h2 class=\"ha-card-title\">Packaged<\/h2>\n\t\t\t\n\t\t\t\t\t\t\t<a class=\"ha-btn ha-btn--icon-before\" href=\"https:\/\/panpek.hr\/en\/pakirani-proizvodi\/\"><i class=\"ha-btn-icon hm hm-arrow-right1\" aria-hidden=\"true\"><\/i> <span class=\"ha-btn-text\">Learn more<\/span><\/a>\n\t\t\t\t\t\t<\/div>\n\t\t\t\t<\/div>\n\t\t\t\t<\/div>\n\t\t\t\t\t<\/div>\n\t\t<\/div>\n\t\t\t\t\t\t\t<\/div>\n\t\t<\/section>\n\t\t\t\t\t<\/div>\n\t\t<\/div>\n\t\t\t\t\t\t\t<\/div>\n\t\t<\/section>\n\t\t\t\t<section class=\"elementor-section elementor-top-section elementor-element elementor-element-4d8303c elementor-section-full_width elementor-section-content-middle elementor-reverse-mobile elementor-section-height-default elementor-section-height-default\" data-id=\"4d8303c\" data-element_type=\"section\" data-settings=\"{&quot;_ha_eqh_enable&quot;:false}\">\n\t\t\t\t\t\t<div class=\"elementor-container elementor-column-gap-no\">\n\t\t\t\t\t<div class=\"elementor-column elementor-col-100 elementor-top-column elementor-element elementor-element-da95d0b lakit-col-width-auto-no\" data-id=\"da95d0b\" data-element_type=\"column\">\n\t\t\t<div class=\"elementor-widget-wrap elementor-element-populated\">\n\t\t\t\t\t\t\t\t<div class=\"elementor-element elementor-element-ccda10b elementor-widget elementor-widget-text-editor\" data-id=\"ccda10b\" data-element_type=\"widget\" data-widget_type=\"text-editor.default\">\n\t\t\t\t<div class=\"elementor-widget-container\">\n\t\t\t<style>\/*! elementor - v3.5.5 - 03-02-2022 *\/\n.elementor-widget-text-editor.elementor-drop-cap-view-stacked .elementor-drop-cap{background-color:#818a91;color:#fff}.elementor-widget-text-editor.elementor-drop-cap-view-framed .elementor-drop-cap{color:#818a91;border:3px solid;background-color:transparent}.elementor-widget-text-editor:not(.elementor-drop-cap-view-default) .elementor-drop-cap{margin-top:8px}.elementor-widget-text-editor:not(.elementor-drop-cap-view-default) .elementor-drop-cap-letter{width:1em;height:1em}.elementor-widget-text-editor .elementor-drop-cap{float:left;text-align:center;line-height:1;font-size:50px}.elementor-widget-text-editor .elementor-drop-cap-letter{display:inline-block}<\/style>\t\t\t\t<p>You can view the wholesale catalog <a href=\"http:\/\/91.234.46.212\/~panpekhr\/wp-content\/uploads\/2022\/09\/Pan-pek-katalog-VP.pdf\"><strong>here<\/strong><\/a>.<\/p>\t\t\t\t\t\t<\/div>\n\t\t\t\t<\/div>\n\t\t\t\t\t<\/div>\n\t\t<\/div>\n\t\t\t\t\t\t\t<\/div>\n\t\t<\/section>\n\t\t\t\t\t\t<\/div>\n\t\t\t\t\t<\/div>","protected":false},"excerpt":{"rendered":"<p>Na\u0161i proizvodi Svje\u017ee pe\u010deni trenutci koje dijelimo Kruh Saznaj vi\u0161e Peciva Saznaj vi\u0161e Slano Saznaj vi\u0161e Slatko Saznaj vi\u0161e Sendvi\u010di [&hellip;]<\/p>","protected":false},"author":1,"featured_media":0,"parent":0,"menu_order":0,"comment_status":"closed","ping_status":"closed","template":"","meta":{"footnotes":""},"_links":{"self":[{"href":"https:\/\/panpek.hr\/en\/wp-json\/wp\/v2\/pages\/4771"}],"collection":[{"href":"https:\/\/panpek.hr\/en\/wp-json\/wp\/v2\/pages"}],"about":[{"href":"https:\/\/panpek.hr\/en\/wp-json\/wp\/v2\/types\/page"}],"author":[{"embeddable":true,"href":"https:\/\/panpek.hr\/en\/wp-json\/wp\/v2\/users\/1"}],"replies":[{"embeddable":true,"href":"https:\/\/panpek.hr\/en\/wp-json\/wp\/v2\/comments?post=4771"}],"version-history":[{"count":14,"href":"https:\/\/panpek.hr\/en\/wp-json\/wp\/v2\/pages\/4771\/revisions"}],"predecessor-version":[{"id":5512,"href":"https:\/\/panpek.hr\/en\/wp-json\/wp\/v2\/pages\/4771\/revisions\/5512"}],"wp:attachment":[{"href":"https:\/\/panpek.hr\/en\/wp-json\/wp\/v2\/media?parent=4771"}],"curies":[{"name":"wp","href":"https:\/\/api.w.org\/{rel}","templated":true}]}}