{"id":6574,"date":"2023-09-14T08:27:17","date_gmt":"2023-09-14T07:27:17","guid":{"rendered":"https:\/\/panpek.hr\/?page_id=6574"},"modified":"2026-02-12T09:53:01","modified_gmt":"2026-02-12T08:53:01","slug":"impressum","status":"publish","type":"page","link":"https:\/\/panpek.hr\/en\/impressum\/","title":{"rendered":"Impressum"},"content":{"rendered":"<div data-elementor-type=\"wp-page\" data-elementor-id=\"6574\" class=\"elementor elementor-6574\" data-elementor-settings=\"[]\">\n\t\t\t\t\t\t\t<div class=\"elementor-section-wrap\">\n\t\t\t\t\t\t\t<section class=\"elementor-section elementor-top-section elementor-element elementor-element-27b30fd elementor-section-boxed elementor-section-height-default elementor-section-height-default\" data-id=\"27b30fd\" data-element_type=\"section\" data-settings=\"{&quot;background_background&quot;:&quot;classic&quot;,&quot;background_motion_fx_translateY_effect&quot;:&quot;yes&quot;,&quot;background_motion_fx_translateY_speed&quot;:{&quot;unit&quot;:&quot;px&quot;,&quot;size&quot;:3,&quot;sizes&quot;:[]},&quot;background_motion_fx_translateY_affectedRange&quot;:{&quot;unit&quot;:&quot;%&quot;,&quot;size&quot;:&quot;&quot;,&quot;sizes&quot;:{&quot;start&quot;:20,&quot;end&quot;:80}},&quot;background_motion_fx_devices&quot;:[&quot;desktop&quot;,&quot;mobile&quot;,&quot;mobile_extra&quot;,&quot;tablet&quot;,&quot;laptop&quot;],&quot;_ha_eqh_enable&quot;:false}\">\n\t\t\t\t\t\t\t<div class=\"elementor-background-overlay\"><\/div>\n\t\t\t\t\t\t\t<div class=\"elementor-container elementor-column-gap-no\">\n\t\t\t\t\t<div class=\"elementor-column elementor-col-100 elementor-top-column elementor-element elementor-element-80c96af lakit-col-width-auto-no\" data-id=\"80c96af\" data-element_type=\"column\">\n\t\t\t<div class=\"elementor-widget-wrap elementor-element-populated\">\n\t\t\t\t\t\t\t\t<div class=\"elementor-element elementor-element-66ad563 elementor-widget elementor-widget-spacer\" data-id=\"66ad563\" data-element_type=\"widget\" data-widget_type=\"spacer.default\">\n\t\t\t\t<div class=\"elementor-widget-container\">\n\t\t\t\t\t<div class=\"elementor-spacer\">\n\t\t\t<div class=\"elementor-spacer-inner\"><\/div>\n\t\t<\/div>\n\t\t\t\t<\/div>\n\t\t\t\t<\/div>\n\t\t\t\t\t<\/div>\n\t\t<\/div>\n\t\t\t\t\t\t\t<\/div>\n\t\t<\/section>\n\t\t\t\t<section class=\"elementor-section elementor-top-section elementor-element elementor-element-d245403 elementor-section-full_width elementor-section-content-middle elementor-reverse-mobile elementor-section-height-default elementor-section-height-default\" data-id=\"d245403\" data-element_type=\"section\" data-settings=\"{&quot;_ha_eqh_enable&quot;:false}\">\n\t\t\t\t\t\t<div class=\"elementor-container elementor-column-gap-no\">\n\t\t\t\t\t<div class=\"elementor-column elementor-col-100 elementor-top-column elementor-element elementor-element-2bc3c9c lakit-col-width-auto-no\" data-id=\"2bc3c9c\" data-element_type=\"column\">\n\t\t\t<div class=\"elementor-widget-wrap elementor-element-populated\">\n\t\t\t\t\t\t\t\t<div class=\"elementor-element elementor-element-74413fd elementor-widget elementor-widget-text-editor\" data-id=\"74413fd\" data-element_type=\"widget\" data-widget_type=\"text-editor.default\">\n\t\t\t\t<div class=\"elementor-widget-container\">\n\t\t\t<style>\/*! elementor - v3.5.5 - 03-02-2022 *\/\n.elementor-widget-text-editor.elementor-drop-cap-view-stacked .elementor-drop-cap{background-color:#818a91;color:#fff}.elementor-widget-text-editor.elementor-drop-cap-view-framed .elementor-drop-cap{color:#818a91;border:3px solid;background-color:transparent}.elementor-widget-text-editor:not(.elementor-drop-cap-view-default) .elementor-drop-cap{margin-top:8px}.elementor-widget-text-editor:not(.elementor-drop-cap-view-default) .elementor-drop-cap-letter{width:1em;height:1em}.elementor-widget-text-editor .elementor-drop-cap{float:left;text-align:center;line-height:1;font-size:50px}.elementor-widget-text-editor .elementor-drop-cap-letter{display:inline-block}<\/style>\t\t\t\t<h4><strong>IMPRESSUM<br><\/strong><\/h4>\n<p>PAN-PEK d.o.o. za pekarske usluge i trgovinu, Planinska 2C, 10000 Zagreb, Hrvatska<\/p>\n<p>MBS: 080027662 Trgova\u010dki sud u Zagrebu, OIB 58203211592<\/p><p>Temeljni kapital: 5.766.270,00 EUR, upla\u0107en u cijelosti<\/p><p>Predsjednik uprave: Wojciech J\u00f3zef \u015amiechowski&nbsp;<\/p><p>\u010clan uprave: Vlatka \u0160rajbek<\/p>\n<p><strong>Ra\u010duni kod poslovnih banaka:<\/strong><\/p>\n<p>ZAGREBA\u010cKA BANKA d.d., Trg bana Josipa Jela\u010di\u0107a 10, Zagreb; IBAN: HR2123600001101338089<\/p>\n<p>ERSTE&amp;STEIERM\u00c4RKISCHE BANK d.d., Jadranski Trg 3a, Rijeka; IBAN: HR0424020061100418590<\/p>\n<p>Privredna banka Zagreb d.d., Radni\u010dka cesta 50, Zagreb; IBAN: HR8623400091110719006<\/p>\n<p><strong>Kontakt:<\/strong><\/p>\n<p>Tel: +385 (0)1 23 90 500<\/p>\n<p>Fax: +385 (0)1 23 90 501<\/p>\n<p>E-mail: info@panpek.hr<\/p>\t\t\t\t\t\t<\/div>\n\t\t\t\t<\/div>\n\t\t\t\t\t<\/div>\n\t\t<\/div>\n\t\t\t\t\t\t\t<\/div>\n\t\t<\/section>\n\t\t\t\t\t\t<\/div>\n\t\t\t\t\t<\/div>","protected":false},"excerpt":{"rendered":"<p>IMPRESSUM PAN-PEK d.o.o. za pekarske usluge i trgovinu, Planinska 2C, 10000 Zagreb, Hrvatska MBS: 080027662 Trgova\u010dki sud u Zagrebu, OIB [&hellip;]<\/p>","protected":false},"author":1,"featured_media":0,"parent":0,"menu_order":0,"comment_status":"closed","ping_status":"closed","template":"","meta":{"footnotes":""},"_links":{"self":[{"href":"https:\/\/panpek.hr\/en\/wp-json\/wp\/v2\/pages\/6574"}],"collection":[{"href":"https:\/\/panpek.hr\/en\/wp-json\/wp\/v2\/pages"}],"about":[{"href":"https:\/\/panpek.hr\/en\/wp-json\/wp\/v2\/types\/page"}],"author":[{"embeddable":true,"href":"https:\/\/panpek.hr\/en\/wp-json\/wp\/v2\/users\/1"}],"replies":[{"embeddable":true,"href":"https:\/\/panpek.hr\/en\/wp-json\/wp\/v2\/comments?post=6574"}],"version-history":[{"count":9,"href":"https:\/\/panpek.hr\/en\/wp-json\/wp\/v2\/pages\/6574\/revisions"}],"predecessor-version":[{"id":9766,"href":"https:\/\/panpek.hr\/en\/wp-json\/wp\/v2\/pages\/6574\/revisions\/9766"}],"wp:attachment":[{"href":"https:\/\/panpek.hr\/en\/wp-json\/wp\/v2\/media?parent=6574"}],"curies":[{"name":"wp","href":"https:\/\/api.w.org\/{rel}","templated":true}]}}