{"id":7213,"date":"2024-03-13T19:59:09","date_gmt":"2024-03-13T18:59:09","guid":{"rendered":"https:\/\/panpek.hr\/?page_id=7213"},"modified":"2024-03-13T20:03:04","modified_gmt":"2024-03-13T19:03:04","slug":"pravila-kolacica","status":"publish","type":"page","link":"https:\/\/panpek.hr\/en\/pravila-kolacica\/","title":{"rendered":"Pravila kola\u010di\u0107a"},"content":{"rendered":"<div data-elementor-type=\"wp-page\" data-elementor-id=\"7213\" class=\"elementor elementor-7213\" data-elementor-settings=\"[]\">\n\t\t\t\t\t\t\t<div class=\"elementor-section-wrap\">\n\t\t\t\t\t\t\t<section class=\"elementor-section elementor-top-section elementor-element elementor-element-27b30fd elementor-section-boxed elementor-section-height-default elementor-section-height-default\" data-id=\"27b30fd\" data-element_type=\"section\" data-settings=\"{&quot;background_background&quot;:&quot;classic&quot;,&quot;background_motion_fx_translateY_effect&quot;:&quot;yes&quot;,&quot;background_motion_fx_translateY_speed&quot;:{&quot;unit&quot;:&quot;px&quot;,&quot;size&quot;:3,&quot;sizes&quot;:[]},&quot;background_motion_fx_translateY_affectedRange&quot;:{&quot;unit&quot;:&quot;%&quot;,&quot;size&quot;:&quot;&quot;,&quot;sizes&quot;:{&quot;start&quot;:20,&quot;end&quot;:80}},&quot;background_motion_fx_devices&quot;:[&quot;desktop&quot;,&quot;mobile&quot;,&quot;mobile_extra&quot;,&quot;tablet&quot;,&quot;laptop&quot;],&quot;_ha_eqh_enable&quot;:false}\">\n\t\t\t\t\t\t\t<div class=\"elementor-background-overlay\"><\/div>\n\t\t\t\t\t\t\t<div class=\"elementor-container elementor-column-gap-no\">\n\t\t\t\t\t<div class=\"elementor-column elementor-col-100 elementor-top-column elementor-element elementor-element-80c96af lakit-col-width-auto-no\" data-id=\"80c96af\" data-element_type=\"column\">\n\t\t\t<div class=\"elementor-widget-wrap elementor-element-populated\">\n\t\t\t\t\t\t\t\t<div class=\"elementor-element elementor-element-66ad563 elementor-widget elementor-widget-spacer\" data-id=\"66ad563\" data-element_type=\"widget\" data-widget_type=\"spacer.default\">\n\t\t\t\t<div class=\"elementor-widget-container\">\n\t\t\t\t\t<div class=\"elementor-spacer\">\n\t\t\t<div class=\"elementor-spacer-inner\"><\/div>\n\t\t<\/div>\n\t\t\t\t<\/div>\n\t\t\t\t<\/div>\n\t\t\t\t\t<\/div>\n\t\t<\/div>\n\t\t\t\t\t\t\t<\/div>\n\t\t<\/section>\n\t\t\t\t<section class=\"elementor-section elementor-top-section elementor-element elementor-element-d245403 elementor-section-full_width elementor-section-content-middle elementor-reverse-mobile elementor-section-height-default elementor-section-height-default\" data-id=\"d245403\" data-element_type=\"section\" data-settings=\"{&quot;_ha_eqh_enable&quot;:false}\">\n\t\t\t\t\t\t<div class=\"elementor-container elementor-column-gap-no\">\n\t\t\t\t\t<div class=\"elementor-column elementor-col-100 elementor-top-column elementor-element elementor-element-2bc3c9c lakit-col-width-auto-no\" data-id=\"2bc3c9c\" data-element_type=\"column\">\n\t\t\t<div class=\"elementor-widget-wrap elementor-element-populated\">\n\t\t\t\t\t\t\t\t<div class=\"elementor-element elementor-element-74413fd elementor-widget elementor-widget-text-editor\" data-id=\"74413fd\" data-element_type=\"widget\" data-widget_type=\"text-editor.default\">\n\t\t\t\t<div class=\"elementor-widget-container\">\n\t\t\t<style>\/*! elementor - v3.5.5 - 03-02-2022 *\/\n.elementor-widget-text-editor.elementor-drop-cap-view-stacked .elementor-drop-cap{background-color:#818a91;color:#fff}.elementor-widget-text-editor.elementor-drop-cap-view-framed .elementor-drop-cap{color:#818a91;border:3px solid;background-color:transparent}.elementor-widget-text-editor:not(.elementor-drop-cap-view-default) .elementor-drop-cap{margin-top:8px}.elementor-widget-text-editor:not(.elementor-drop-cap-view-default) .elementor-drop-cap-letter{width:1em;height:1em}.elementor-widget-text-editor .elementor-drop-cap{float:left;text-align:center;line-height:1;font-size:50px}.elementor-widget-text-editor .elementor-drop-cap-letter{display:inline-block}<\/style>\t\t\t\t<h4><strong>PRAVILA KOLA\u010cI\u0106A<\/strong><\/h4><p><strong>Automatsko prikupljanje osobnih podataka<\/strong><\/p><p>U nekim slu\u010dajevima, Pan-pek \u00a0i njegovi pru\u017eatelji usluga koriste kola\u010di\u0107e, web oznake i druge tehnologije za automatsko prikupljanje odre\u0111enih vrsta informacija kada nas posjetite online, kao i putem e-po\u0161te koju mo\u017eemo razmjenjivati.<\/p><p><strong>IP adrese<\/strong><\/p><p>IP adresa je broj dodijeljen va\u0161em ra\u010dunalu svaki put kad pristupite internetu. Omogu\u0107uje ra\u010dunalima i poslu\u017eiteljima prepoznavanje i komunikaciju me\u0111usobno. IP adrese s kojih posjetitelji navodno potje\u010du mogu se zabilje\u017eiti iz razloga sigurnosti IT sustava i dijagnostike. Te se informacije tako\u0111er mogu koristiti u agregiranom obliku za provo\u0111enje analize trendova i performansi web mjesta.<\/p><p><strong>Kola\u010di\u0107i<\/strong><\/p><p><strong>Pregled<\/strong><\/p><p>Kola\u010di\u0107i sadr\u017ee tekstualne datoteke koje uklju\u010duju odre\u0111ene informacije. Kada posjetite web mjesto https:\/\/pan-pek.talentlyft.com\/jobs\/prodavac-u-pekarnici-na-moru-mz-GxS\/new\u00a0 (&#8220;Web mjesto&#8221;), kola\u010di\u0107i se pohranjuju na va\u0161 ure\u0111aj (ra\u010dunalo, tablet, mobilni telefon ili bilo koji drugi ure\u0111aj povezan s internetom).<\/p><p>Kola\u010di\u0107i omogu\u0107uju prepoznavanje vas prilikom posjeta web mjestu, \u0161to omogu\u0107uje personalizaciju va\u0161eg iskustva. Kola\u010di\u0107i obavljaju mnoge druge zadatke, kao \u0161to je olak\u0161avanje u\u010dinkovite navigacije izme\u0111u stranica. Kola\u010di\u0107i se tako\u0111er koriste za personalizaciju oglasa koje vidite dok surfate.<\/p><p><strong>Vrste kola\u010di\u0107a<\/strong><\/p><p>Postoje dvije glavne vrste kola\u010di\u0107a ovisno o razdoblju za koje ostaju pohranjeni na va\u0161em ure\u0111aju. Na temelju tog kriterija razlikujemo tzv. sesijske i trajne kola\u010di\u0107e.<\/p><ul><li><strong>Sesijski kola\u010di\u0107i<\/strong>: Sesijski kola\u010di\u0107i ostaju pohranjeni na va\u0161em ure\u0111aju samo dok je otvoren preglednik koji koristite i automatski se bri\u0161u prilikom njegova zatvaranja.<\/li><li><strong>Trajni kola\u010di\u0107i<\/strong>: Trajni kola\u010di\u0107i ostaju pohranjeni i stoga se pristupa svaki put prilikom va\u0161ih sljede\u0107ih posjeta web mjestu, tijekom odre\u0111enog vremenskog razdoblja koje mo\u017ee trajati dane, mjesece ili \u010dak godine. Informacije o to\u010dnim razdobljima pohrane za razli\u010dite kola\u010di\u0107e mogu se prona\u0107i u nastavku.<\/li><\/ul><p>Kola\u010di\u0107i se dijele na kola\u010di\u0107e prvih strana i kola\u010di\u0107e tre\u0107ih strana, ovisno o tome jesu li kola\u010di\u0107i postavljeni od strane Web mjesta ili su postavljeni od strane druge organizacije. Kola\u010di\u0107i tre\u0107ih strana obi\u010dno ne doprinose funkcioniranju web mjesta, ve\u0107 su namijenjeni izvla\u010denju informacija o va\u0161em pregledavanju, preferencijama i sl. Web mjesto ne koristi nikakve kola\u010di\u0107e tre\u0107ih strana.<\/p><p>Kola\u010di\u0107i se tako\u0111er redovito dijele na razli\u010dite vrste na temelju njihove namjene. Ta razlika je va\u017ena jer utje\u010de na to jesmo li prema zakonu obvezni dobiti va\u0161 pristanak za postavljanje i naknadni pristup informacijama pohranjenim u kola\u010di\u0107u.<\/p><p>U nastavku je sa\u017eetak kategorija kola\u010di\u0107a integriranih na web mjestu, i kako va\u0161 pristanak i postavke mogu utjecati na va\u0161e iskustvo odre\u0111enih zna\u010dajki dok navigirate web mjestom:<\/p><ul><li><strong>Strogo potrebni kola\u010di\u0107i<\/strong>: Strogo potrebni kola\u010di\u0107i su bitni kako bi omogu\u0107ili korisnicima kretanje po web mjestu i kori\u0161tenje njegovih zna\u010dajki, poput pristupa sigurnim podru\u010djima web mjesta. Ti se kola\u010di\u0107i moraju omogu\u0107iti, ina\u010de web mjesto ne\u0107e funkcionirati.<\/li><li><strong>Kola\u010di\u0107i performansi<\/strong>: Kola\u010di\u0107i performansi su kola\u010di\u0107i koji se koriste za prikupljanje podataka radi pobolj\u0161anja performansi web mjesta. Mo\u017eete upravljati svojim pristankom za kola\u010di\u0107e performansi a\u017euriranjem postavki svog preglednika (\u010desto se nalaze u izborniku Alati ili Postavke va\u0161eg preglednika) kako biste ne prihva\u0107ali kola\u010di\u0107e.<\/li><\/ul><p>U nastavku je popis vrsta kola\u010di\u0107a kori\u0161tenih na web mjestu:<\/p><table><tbody><tr><td width=\"186\"><p>Naziv<\/p><\/td><td width=\"97\"><p>Vrsta<\/p><\/td><td width=\"271\"><p>Namjena<\/p><\/td><td width=\"69\"><p>Istek<\/p><\/td><\/tr><tr><td width=\"186\"><p>.AspNetCore.Antiforgery. &lt;random&gt;<\/p><\/td><td width=\"97\"><p>Strogo potrebni<\/p><\/td><td width=\"271\"><p>Token kola\u010di\u0107 za spre\u010davanje krivotvorenja zahtjeva prema drugom izvoru<\/p><\/td><td width=\"69\"><p>Sesijski<\/p><p>\u00a0<\/p><\/td><\/tr><tr><td width=\"186\"><p>tl_id<\/p><\/td><td width=\"97\"><p>Performansni kola\u010di\u0107<\/p><\/td><td width=\"271\"><p>Za pra\u0107enje posjeta jednog korisnika<\/p><\/td><td width=\"69\"><p>12 mjeseci<\/p><p>\u00a0<\/p><\/td><\/tr><tr><td width=\"186\"><p>tl_session_id<\/p><\/td><td width=\"97\"><p>Performansni kola\u010di\u0107<\/p><\/td><td width=\"271\"><p>Za identifikaciju pojedina\u010dne korisni\u010dke sesije<\/p><\/td><td width=\"69\"><p>20 minuta<\/p><p>\u00a0<\/p><\/td><\/tr><tr><td width=\"186\"><p>ai_user<\/p><\/td><td width=\"97\"><p>Performansni kola\u010di\u0107<\/p><\/td><td width=\"271\"><p>Microsoft Azure postavlja ovaj kola\u010di\u0107 kao kola\u010di\u0107 za jedinstveni identifikator korisnika, omogu\u0107uju\u0107i brojanje broja korisnika koji pristupaju aplikaciji tijekom vremena.<\/p><\/td><td width=\"69\"><p>12 mjeseci<\/p><\/td><\/tr><tr><td width=\"186\"><p>ai_session<\/p><\/td><td width=\"97\"><p>Performansni kola\u010di\u0107<\/p><\/td><td width=\"271\"><p>Ovo je jedinstveni anonimni identifikator sesije postavljen od strane softvera Microsoft Application Insights kako bi prikupio statisti\u010dke podatke o upotrebi i telemetrijske podatke za aplikacije izgra\u0111ene na Azure oblaku.<\/p><\/td><td width=\"69\"><p>1 sat<\/p><\/td><\/tr><\/tbody><\/table><p>Ako ve\u0107ina preglednika automatski prihva\u0107a kola\u010di\u0107e, mo\u017eete odabrati ho\u0107ete li prihvatiti kola\u010di\u0107e putem postavki va\u0161eg preglednika (\u010desto se nalaze u izborniku Alati ili Postavke va\u0161eg preglednika). Tako\u0111er mo\u017eete u bilo kojem trenutku obrisati kola\u010di\u0107e s va\u0161eg ure\u0111aja. Me\u0111utim, imajte na umu da ako ne prihvatite kola\u010di\u0107e, mo\u017eda ne\u0107ete mo\u0107i u potpunosti do\u017eivjeti neke zna\u010dajke web mjesta. Dodatne informacije o upravljanju kola\u010di\u0107ima mo\u017eete prona\u0107i u pomo\u0107noj datoteci va\u0161eg preglednika ili na web stranicama poput <a href=\"http:\/\/www.allaboutcookies.org\">www.allaboutcookies.org<\/a>.<\/p><p>Kola\u010di\u0107i sami po sebi ne sadr\u017ee va\u0161u adresu e-po\u0161te, ali mogu sadr\u017eavati druge dijelove osobnih podataka.<\/p>\t\t\t\t\t\t<\/div>\n\t\t\t\t<\/div>\n\t\t\t\t\t<\/div>\n\t\t<\/div>\n\t\t\t\t\t\t\t<\/div>\n\t\t<\/section>\n\t\t\t\t\t\t<\/div>\n\t\t\t\t\t<\/div>","protected":false},"excerpt":{"rendered":"<p>PRAVILA KOLA\u010cI\u0106A Automatsko prikupljanje osobnih podataka U nekim slu\u010dajevima, Pan-pek \u00a0i njegovi pru\u017eatelji usluga koriste kola\u010di\u0107e, web oznake i druge [&hellip;]<\/p>","protected":false},"author":1,"featured_media":0,"parent":0,"menu_order":0,"comment_status":"closed","ping_status":"closed","template":"","meta":{"footnotes":""},"_links":{"self":[{"href":"https:\/\/panpek.hr\/en\/wp-json\/wp\/v2\/pages\/7213"}],"collection":[{"href":"https:\/\/panpek.hr\/en\/wp-json\/wp\/v2\/pages"}],"about":[{"href":"https:\/\/panpek.hr\/en\/wp-json\/wp\/v2\/types\/page"}],"author":[{"embeddable":true,"href":"https:\/\/panpek.hr\/en\/wp-json\/wp\/v2\/users\/1"}],"replies":[{"embeddable":true,"href":"https:\/\/panpek.hr\/en\/wp-json\/wp\/v2\/comments?post=7213"}],"version-history":[{"count":10,"href":"https:\/\/panpek.hr\/en\/wp-json\/wp\/v2\/pages\/7213\/revisions"}],"predecessor-version":[{"id":7223,"href":"https:\/\/panpek.hr\/en\/wp-json\/wp\/v2\/pages\/7213\/revisions\/7223"}],"wp:attachment":[{"href":"https:\/\/panpek.hr\/en\/wp-json\/wp\/v2\/media?parent=7213"}],"curies":[{"name":"wp","href":"https:\/\/api.w.org\/{rel}","templated":true}]}}